{"id":3867,"date":"2023-10-18T17:19:10","date_gmt":"2023-10-18T14:19:10","guid":{"rendered":"https:\/\/fencing.az\/?page_id=3867"},"modified":"2023-10-18T17:19:10","modified_gmt":"2023-10-18T14:19:10","slug":"contact","status":"publish","type":"page","link":"https:\/\/fencing.az\/en\/contact\/","title":{"rendered":"CONTACT"},"content":{"rendered":"<section class=\"wpb-content-wrapper\"><div id=\"rs-contact\" data-vc-full-width=\"true\" data-vc-full-width-init=\"false\" class=\"vc_row wpb_row vc_row-fluid rs-contact1 vc_custom_1559276738648\"><div class=\"wpb_column vc_column_container vc_col-sm-12\"><div class=\"vc_column-inner\"><div class=\"wpb_wrapper\">\r\n       <div class=\"rs-contact\">\r\n        <div class=\"contact-address   vc_custom_1634539171409 text-center style2\"><div class=\"address-item\" style=\"background-image: url(https:\/\/fencing.az\/wp-content\/uploads\/2021\/04\/background-1-1024x224.jpg)\">\r\n                <div class=\"address-icon\">\r\n                    <i class=\"icon icon-basic-smartphone\"><\/i>\r\n                <\/div>\r\n                <div class=\"address-text\">\r\n                    <h3 class=\"contact-title\">Tel<\/h3>\r\n                    <a href= \"tel:++994 (12) 499-85-66\">+994 (12) 499-85-66<\/a>\r\n                <\/div>\r\n            <\/div><div class=\"address-item\" style=\"background-image: url(https:\/\/fencing.az\/wp-content\/uploads\/2021\/04\/background-1-1024x224.jpg)\">\r\n                    <div class=\"address-icon\">\r\n                        <i class=\"icon icon-basic-mail-multiple\"><\/i>\r\n                    <\/div>\r\n                    <div class=\"address-text\">\r\n                        <h3 class=\"contact-title\">Email<\/h3>\r\n                        <a href= \"mailto:office@fencing.az\">office@fencing.az<\/a>                   \r\n                    <\/div>\r\n                <\/div><div class=\"address-item\" style=\"background-image: url(https:\/\/fencing.az\/wp-content\/uploads\/2021\/04\/background-1-1024x224.jpg)\">\r\n                    <div class=\"address-icon\">\r\n                        <i class=\"icon icon-basic-geolocalize-01\"><\/i>\r\n                    <\/div>\r\n                    <div class=\"address-text\">\r\n                        <h3 class=\"contact-title\">Address<\/h3>\r\n                        Address: Baku city, AZ 1065, Bakikhanov street, 6,<\/p>\n<p>Bridge Plaza, 10th floor\r\n                    <\/div>\r\n                <\/div><\/div><\/div>\r\n        <div class=\"rs-heading\">\r\n        \t<div class=\"title-inner\">\r\n        \t\t       \t\t\r\n\t            \r\n\t            \r\n\t            <div class=\"title-img bottom-img\"><\/div>\r\n\t        <\/div><\/div>\n\t<div class=\"wpb_raw_code wpb_content_element wpb_raw_html\" >\n\t\t<div class=\"wpb_wrapper\">\n\t\t\t<iframe loading=\"lazy\" style=\"border: 0; background: #eee;\" src=\"https:\/\/www.google.com\/maps\/embed?pb=!1m18!1m12!1m3!1d12878.912723897829!2d49.820402990184!3d40.38627391684858!2m3!1f0!2f0!3f0!3m2!1i1024!2i768!4f13.1!3m3!1m2!1s0x40307d9c8a745637%3A0x1204e1d94d52669e!2sBridge+Plaza!5e0!3m2!1sen!2sus!4v1516283599164\" width=\"100%\" height=\"650\" frameborder=\"0\" allowfullscreen=\"allowfullscreen\"><\/iframe>\n\t\t<\/div>\n\t<\/div>\n<\/div><\/div><\/div><\/div><div class=\"vc_row-full-width vc_clearfix\"><\/div>\n<\/section>","protected":false},"excerpt":{"rendered":"Tel +994 (12) 499-85-66 Email office@fencing.az \u00dcnvan Unvan: Bak\u0131 \u015f., AZ 1065, Bak\u0131xanov k\u00fc\u00e7., 6, Bridge Plaza, 10-cu m\u0259rt\u0259b\u0259","protected":false},"author":1,"featured_media":0,"parent":0,"menu_order":0,"comment_status":"closed","ping_status":"closed","template":"","meta":{"footnotes":""},"class_list":["post-3867","page","type-page","status-publish","hentry"],"lang":"en","translations":{"en":3867,"az":2085,"ru":3869},"_links":{"self":[{"href":"https:\/\/fencing.az\/en\/wp-json\/wp\/v2\/pages\/3867","targetHints":{"allow":["GET"]}}],"collection":[{"href":"https:\/\/fencing.az\/en\/wp-json\/wp\/v2\/pages"}],"about":[{"href":"https:\/\/fencing.az\/en\/wp-json\/wp\/v2\/types\/page"}],"author":[{"embeddable":true,"href":"https:\/\/fencing.az\/en\/wp-json\/wp\/v2\/users\/1"}],"replies":[{"embeddable":true,"href":"https:\/\/fencing.az\/en\/wp-json\/wp\/v2\/comments?post=3867"}],"version-history":[{"count":1,"href":"https:\/\/fencing.az\/en\/wp-json\/wp\/v2\/pages\/3867\/revisions"}],"predecessor-version":[{"id":3868,"href":"https:\/\/fencing.az\/en\/wp-json\/wp\/v2\/pages\/3867\/revisions\/3868"}],"wp:attachment":[{"href":"https:\/\/fencing.az\/en\/wp-json\/wp\/v2\/media?parent=3867"}],"curies":[{"name":"wp","href":"https:\/\/api.w.org\/{rel}","templated":true}]}}