{"id":3895,"date":"2023-10-18T17:28:15","date_gmt":"2023-10-18T14:28:15","guid":{"rendered":"https:\/\/fencing.az\/?page_id=3895"},"modified":"2023-10-18T17:28:15","modified_gmt":"2023-10-18T14:28:15","slug":"competitions","status":"publish","type":"page","link":"https:\/\/fencing.az\/en\/competitions\/","title":{"rendered":"COMPETITIONS"},"content":{"rendered":"<section class=\"wpb-content-wrapper\"><div class=\"vc_row wpb_row vc_row-fluid vc_custom_1697024282654\"><div class=\"wpb_column vc_column_container vc_col-sm-12\"><div class=\"vc_column-inner\"><div class=\"wpb_wrapper\">\n\t<div class=\"wpb_raw_code wpb_content_element wpb_raw_html\" >\n\t\t<div class=\"wpb_wrapper\">\n\t\t\t<div id=\"footable_parent_2196\"\n         class=\"footable_parent ninja_table_wrapper loading_ninja_table wp_table_data_press_parent semantic_ui colored_table\">\n                <table data-ninja_table_instance=\"ninja_table_instance_0\" data-footable_id=\"2196\" data-filter-delay=\"1000\" aria-label=\"yarislar\"            id=\"footable_2196\"\n           data-unique_identifier=\"ninja_table_unique_id_1548180223_2196\"\n           class=\"foo-table ninja_footable foo_table_2196 ninja_table_unique_id_1548180223_2196 ui table  blue ninja_search_right nt_type_legacy_table selectable celled striped vertical_centered inverted footable-paging-right ninja_table_search_disabled ninja_table_pro\">\n                <colgroup>\n                            <col class=\"ninja_column_0\">\n                            <col class=\"ninja_column_1\">\n                            <col class=\"ninja_column_2\">\n                            <col class=\"ninja_column_3\">\n                            <col class=\"ninja_column_4\">\n                            <col class=\"ninja_column_5\">\n                    <\/colgroup>\n        <thead>\n<tr class=\"footable-header\">\n                                                                                                        <th scope=\"col\"  class=\"ninja_column_0 ninja_clmn_nm_r\u0259qab\u0259t\">Competition<\/th><th scope=\"col\"  class=\"ninja_column_1 ninja_clmn_nm_yer\">City<\/th><th scope=\"col\"  class=\"ninja_column_2 ninja_clmn_nm_olk\u0259\">Country<\/th><th scope=\"col\"  class=\"ninja_column_3 ninja_clmn_nm_baslamaq\">Dates<\/th><th scope=\"col\"  class=\"ninja_column_4 ninja_clmn_nm_silah_novu\">Weapon type<\/th><th scope=\"col\"  class=\"ninja_column_5 ninja_clmn_nm_yas_kateqoriyasi\">Age category<\/th><\/tr>\n<\/thead>\n<tbody>\n\n        <tr data-row_id=\"1094\" class=\"ninja_table_row_0 nt_row_id_1094\">\n            <td>D\u00fcnya kuboku<\/td><td>Manama<\/td><td>B\u0259hreyn<\/td><td>15-20.01.2025<\/td><td>\u015fpaqa<\/td><td>g\u0259nc\u0259r<\/td>        <\/tr>\n            <tr data-row_id=\"1095\" class=\"ninja_table_row_1 nt_row_id_1095\">\n            <td>Qran-Pri<\/td><td>Tunis<\/td><td>Tunis<\/td><td>08-12.01.2025<\/td><td>sablya<\/td><td>b\u00f6y\u00fckl\u0259r<\/td>        <\/tr>\n            <tr data-row_id=\"1096\" class=\"ninja_table_row_2 nt_row_id_1096\">\n            <td>D\u00fcnya kuboku<\/td><td>Plovdiv<\/td><td>Bolqar\u0131stan<\/td><td>21-25.01.2025<\/td><td>sablya<\/td><td>b\u00f6y\u00fckl\u0259r<\/td>        <\/tr>\n            <tr data-row_id=\"1097\" class=\"ninja_table_row_3 nt_row_id_1097\">\n            <td>Qran-Pri<\/td><td>Doha<\/td><td>Q\u0259t\u0259r<\/td><td>24-26.01.2025<\/td><td>\u015fpaqa<\/td><td>b\u00f6y\u00fckl\u0259r<\/td>        <\/tr>\n            <tr data-row_id=\"1098\" class=\"ninja_table_row_4 nt_row_id_1098\">\n            <td>Kadet Sirkuit<\/td><td>Novi-Sad<\/td><td>Serbia<\/td><td>25-26.01.2025<\/td><td>\u015fpaqa<\/td><td>yeniyetm\u0259l\u0259r<\/td>        <\/tr>\n            <tr data-row_id=\"1099\" class=\"ninja_table_row_5 nt_row_id_1099\">\n            <td>Kadet Sirkuit<\/td><td>Konin<\/td><td>Pol\u015fa<\/td><td>25-26.01.2025<\/td><td>sablya<\/td><td>yeniyetm\u0259l\u0259r<\/td>        <\/tr>\n            <tr data-row_id=\"1100\" class=\"ninja_table_row_6 nt_row_id_1100\">\n            <td>D\u00fcnya kuboku<\/td><td>Sofiya<\/td><td>Bolqar\u0131stan<\/td><td>21-25.01.2025<\/td><td>sablya<\/td><td>b\u00f6y\u00fckl\u0259r<\/td>        <\/tr>\n            <tr data-row_id=\"1101\" class=\"ninja_table_row_7 nt_row_id_1101\">\n            <td>D\u00fcnya kuboku<\/td><td>Qahir\u0259<\/td><td>Misir<\/td><td>30.01.-02-02.2025<\/td><td>\u015fpaqa<\/td><td>g\u0259nc\u0259r<\/td>        <\/tr>\n            <tr data-row_id=\"1102\" class=\"ninja_table_row_8 nt_row_id_1102\">\n            <td>D\u00fcnya kuboku<\/td><td>Plovdiv<\/td><td>Bolqar\u0131stan<\/td><td>01-02.02.2025<\/td><td>sablya<\/td><td>g\u0259nc\u0259r<\/td>        <\/tr>\n            <tr data-row_id=\"1103\" class=\"ninja_table_row_9 nt_row_id_1103\">\n            <td>D\u00fcnya kuboku<\/td><td>Tbilisi<\/td><td>G\u00fcrc\u00fcstan<\/td><td>01-02.02.2025<\/td><td>sablya<\/td><td>g\u0259nc\u0259r<\/td>        <\/tr>\n            <tr data-row_id=\"1105\" class=\"ninja_table_row_10 nt_row_id_1105\">\n            <td>U23 Sirkuit<\/td><td>Budapest<\/td><td>Hungary<\/td><td>13-17.02.2025<\/td><td>sablya<\/td><td>b\u00f6y\u00fckl\u0259r<\/td>        <\/tr>\n            <tr data-row_id=\"1106\" class=\"ninja_table_row_11 nt_row_id_1106\">\n            <td>Avropa birincliyi<\/td><td>Antalya<\/td><td>T\u00fcrkiy\u0259<\/td><td>20.02-03.03.2025<\/td><td>\u015fpaqa, sablya<\/td><td>yeniyetm\u0259l\u0259r, g\u0259nc\u0259r<\/td>        <\/tr>\n            <tr data-row_id=\"1107\" class=\"ninja_table_row_12 nt_row_id_1107\">\n            <td>D\u00fcnya Kuboku<\/td><td>Heraklion<\/td><td>Greece<\/td><td>05-08.03.2025<\/td><td>sablya<\/td><td>b\u00f6y\u00fckl\u0259r<\/td>        <\/tr>\n            <tr data-row_id=\"1108\" class=\"ninja_table_row_13 nt_row_id_1108\">\n            <td>Moskva sablya yar\u0131\u015f\u0131<\/td><td>Moskva<\/td><td>Rusiya<\/td><td>14-16.03.2025<\/td><td>sablya<\/td><td>b\u00f6y\u00fckl\u0259r<\/td>        <\/tr>\n            <tr data-row_id=\"1109\" class=\"ninja_table_row_14 nt_row_id_1109\">\n            <td>Sirkuit U23<\/td><td>Plovdiv<\/td><td>Bolqar\u0131stan<\/td><td>30-31.03.2025<\/td><td>sablya<\/td><td>b\u00f6y\u00fckl\u0259r<\/td>        <\/tr>\n            <tr data-row_id=\"1110\" class=\"ninja_table_row_15 nt_row_id_1110\">\n            <td>D\u00fcnya birinciliyi<\/td><td>Vuksi<\/td><td>\u00c7in<\/td><td>01-10.04.2025<\/td><td>\u015fpaqa, sablya<\/td><td>yeniyetm\u0259l\u0259r, g\u0259nc\u0259r<\/td>        <\/tr>\n            <tr data-row_id=\"1111\" class=\"ninja_table_row_16 nt_row_id_1111\">\n            <td>U23 Sirkuit<\/td><td>Viena<\/td><td>Avstriya<\/td><td>11-14.04.2025<\/td><td>sablya<\/td><td>b\u00f6y\u00fckl\u0259r<\/td>        <\/tr>\n            <tr data-row_id=\"1113\" class=\"ninja_table_row_17 nt_row_id_1113\">\n            <td>D\u00fcnya kuboku<\/td><td>Sint-Maur<\/td><td>France<\/td><td>23-25.04.2025<\/td><td>\u015fpaqa<\/td><td>b\u00f6y\u00fckl\u0259r<\/td>        <\/tr>\n            <tr data-row_id=\"1114\" class=\"ninja_table_row_18 nt_row_id_1114\">\n            <td>Qran-Pri<\/td><td>Seoul<\/td><td>Korea<\/td><td>30.04-04.05.2025<\/td><td>sablya<\/td><td>b\u00f6y\u00fckl\u0259r<\/td>        <\/tr>\n            <tr data-row_id=\"1115\" class=\"ninja_table_row_19 nt_row_id_1115\">\n            <td>Avropa \u00e7empionat\u0131 U23<\/td><td>Tallin<\/td><td>Estoniya<\/td><td>24-27.04.2025<\/td><td>\u015fpaqa, sablya<\/td><td>b\u00f6y\u00fckl\u0259r<\/td>        <\/tr>\n            <tr data-row_id=\"1116\" class=\"ninja_table_row_20 nt_row_id_1116\">\n            <td>D\u00fcnya kuboku<\/td><td>Lima<\/td><td>Peru<\/td><td>21-25.05.2025<\/td><td>sablya<\/td><td>b\u00f6y\u00fckl\u0259r<\/td>        <\/tr>\n            <tr data-row_id=\"1117\" class=\"ninja_table_row_21 nt_row_id_1117\">\n            <td>Avropa \u00e7empionat\u0131<\/td><td>Genova<\/td><td>\u0130taliya<\/td><td>14-20.06.2025<\/td><td>\u015fpaqa, sablya<\/td><td>b\u00f6y\u00fckl\u0259r<\/td>        <\/tr>\n            <tr data-row_id=\"1118\" class=\"ninja_table_row_22 nt_row_id_1118\">\n            <td>D\u00fcnya \u00e7empionat\u0131<\/td><td>Tbilisi<\/td><td>G\u00fcrc\u00fcstan<\/td><td>20-30.07.2025<\/td><td>\u015fpaqa, sablya<\/td><td>b\u00f6y\u00fckl\u0259r<\/td>        <\/tr>\n            <tr data-row_id=\"1119\" class=\"ninja_table_row_23 nt_row_id_1119\">\n            <td>Universiada<\/td><td>Reyn-Rur vilay\u0259ti<\/td><td>Germany<\/td><td>16-27.07.2025<\/td><td>\u015fpaqa, sablya<\/td><td>b\u00f6y\u00fckl\u0259r<\/td>        <\/tr>\n            <tr data-row_id=\"1120\" class=\"ninja_table_row_24 nt_row_id_1120\">\n            <td>Bak\u0131 \u015f\u0259h\u0259r a\u00e7\u0131q birinciliyi<\/td><td>Bak\u0131<\/td><td>Azerbaijan<\/td><td>13-14.09.2025<\/td><td>sablya, \u015fpaqa<\/td><td>yeniyetm\u0259l\u0259r, g\u0259ncl\u0259r<\/td>        <\/tr>\n            <tr data-row_id=\"1121\" class=\"ninja_table_row_25 nt_row_id_1121\">\n            <td>Bak\u0131 \u015f\u0259h\u0259r a\u00e7\u0131q \u00e7empionat\u0131<\/td><td>Bak\u0131<\/td><td>Azerbaijan<\/td><td>20-21.09.2025<\/td><td>sablya, \u015fpaqa<\/td><td>b\u00f6y\u00fckl\u0259r<\/td>        <\/tr>\n            <tr data-row_id=\"1122\" class=\"ninja_table_row_26 nt_row_id_1122\">\n            <td>MDB Oyunlar\u0131<\/td><td>G\u0259nc\u0259<\/td><td>Azerbaijan<\/td><td>02-07.10.2025<\/td><td>\u015fpaqa, sablya<\/td><td>yeniyetm\u0259l\u0259r, g\u0259nc\u0259r<\/td>        <\/tr>\n            <tr data-row_id=\"1123\" class=\"ninja_table_row_27 nt_row_id_1123\">\n            <td>\u0130slam Oyunlar\u0131 VI<\/td><td>\u018fr-Riyad<\/td><td>S\u0259udiyy\u0259 \u018fr\u0259bistan\u0131<\/td><td>17-20.11. 2025<\/td><td>\u015fpaqa, sablya<\/td><td>b\u00f6y\u00fckl\u0259r<\/td>        <\/tr>\n            <tr data-row_id=\"1124\" class=\"ninja_table_row_28 nt_row_id_1124\">\n            <td>Qran-Pri<\/td><td>Orleans<\/td><td>France<\/td><td>03-07.12.2025<\/td><td>sablya<\/td><td>b\u00f6y\u00fckl\u0259r<\/td>        <\/tr>\n            <tr data-row_id=\"1125\" class=\"ninja_table_row_29 nt_row_id_1125\">\n            <td>Az\u0259rbaycan \u00e7empionat\u0131<\/td><td>Bak\u0131<\/td><td>Azerbaijan<\/td><td>13-14.12.2025<\/td><td>sablya, \u015fpaqa<\/td><td>b\u00f6y\u00fckl\u0259r<\/td>        <\/tr>\n            <tr data-row_id=\"1126\" class=\"ninja_table_row_30 nt_row_id_1126\">\n            <td>Az\u0259rbaycan birincliyi<\/td><td>Bak\u0131<\/td><td>Azerbaijan<\/td><td>20-21.12.2025<\/td><td>sablya, \u015fpaqa<\/td><td>yeniyetm\u0259l\u0259r, g\u0259ncl\u0259r<\/td>        <\/tr>\n    <\/tbody><!--ninja_tobody_rendering_done-->\n    <\/table>\n    \n    \n    \n<\/div>\n\n\t\t<\/div>\n\t<\/div>\n<\/div><\/div><\/div><\/div>\n<\/section>","protected":false},"excerpt":{"rendered":"Yar\u0131\u015f\u015e\u0259h\u0259r\u00d6lk\u0259Tarixl\u0259rSilah n\u00f6v\u00fcYa\u015f kateqoriyas\u0131 D\u00fcnya kubokuManamaB\u0259hreyn15-20.01.2025\u015fpaqag\u0259nc\u0259r Qran-PriTunisTunis08-12.01.2025sablyab\u00f6y\u00fckl\u0259r D\u00fcnya kubokuPlovdivBolqar\u0131stan21-25.01.2025sablyab\u00f6y\u00fckl\u0259r Qran-PriDohaQ\u0259t\u0259r24-26.01.2025\u015fpaqab\u00f6y\u00fckl\u0259r Kadet SirkuitNovi-SadSerbiya25-26.01.2025\u015fpaqayeniyetm\u0259l\u0259r Kadet SirkuitKoninPol\u015fa25-26.01.2025sablyayeniyetm\u0259l\u0259r D\u00fcnya kubokuSofiyaBolqar\u0131stan21-25.01.2025sablyab\u00f6y\u00fckl\u0259r D\u00fcnya kubokuQahir\u0259Misir30.01.-02-02.2025\u015fpaqag\u0259nc\u0259r D\u00fcnya kubokuPlovdivBolqar\u0131stan01-02.02.2025sablyag\u0259nc\u0259r D\u00fcnya kubokuTbilisiG\u00fcrc\u00fcstan01-02.02.2025sablyag\u0259nc\u0259r U23 SirkuitBudape\u015ftMacar\u0131stan13-17.02.2025sablyab\u00f6y\u00fckl\u0259r Avropa birincliyiAntalyaT\u00fcrkiy\u025920.02-03.03.2025\u015fpaqa, sablyayeniyetm\u0259l\u0259r, g\u0259nc\u0259r D\u00fcnya KubokuHeraklionYunan\u0131stan05-08.03.2025sablyab\u00f6y\u00fckl\u0259r Moskva sablya yar\u0131\u015f\u0131MoskvaRusiya14-16.03.2025sablyab\u00f6y\u00fckl\u0259r Sirkuit U23PlovdivBolqar\u0131stan30-31.03.2025sablyab\u00f6y\u00fckl\u0259r D\u00fcnya birinciliyiVuksi\u00c7in01-10.04.2025\u015fpaqa, sablyayeniyetm\u0259l\u0259r, g\u0259nc\u0259r U23 SirkuitVienaAvstriya11-14.04.2025sablyab\u00f6y\u00fckl\u0259r D\u00fcnya kubokuSint-MaurFransa23-25.04.2025\u015fpaqab\u00f6y\u00fckl\u0259r Qran-PriSeulKoreya30.04-04.05.2025sablyab\u00f6y\u00fckl\u0259r Avropa \u00e7empionat\u0131 U23TallinEstoniya24-27.04.2025\u015fpaqa, sablyab\u00f6y\u00fckl\u0259r D\u00fcnya kubokuLimaPeru21-25.05.2025sablyab\u00f6y\u00fckl\u0259r Avropa \u00e7empionat\u0131Genova\u0130taliya14-20.06.2025\u015fpaqa, sablyab\u00f6y\u00fckl\u0259r D\u00fcnya \u00e7empionat\u0131TbilisiG\u00fcrc\u00fcstan20-30.07.2025\u015fpaqa, sablyab\u00f6y\u00fckl\u0259r [...]","protected":false},"author":1,"featured_media":0,"parent":0,"menu_order":0,"comment_status":"closed","ping_status":"closed","template":"","meta":{"footnotes":""},"class_list":["post-3895","page","type-page","status-publish","hentry"],"lang":"en","translations":{"en":3895,"az":1362,"ru":3897},"_links":{"self":[{"href":"https:\/\/fencing.az\/en\/wp-json\/wp\/v2\/pages\/3895","targetHints":{"allow":["GET"]}}],"collection":[{"href":"https:\/\/fencing.az\/en\/wp-json\/wp\/v2\/pages"}],"about":[{"href":"https:\/\/fencing.az\/en\/wp-json\/wp\/v2\/types\/page"}],"author":[{"embeddable":true,"href":"https:\/\/fencing.az\/en\/wp-json\/wp\/v2\/users\/1"}],"replies":[{"embeddable":true,"href":"https:\/\/fencing.az\/en\/wp-json\/wp\/v2\/comments?post=3895"}],"version-history":[{"count":1,"href":"https:\/\/fencing.az\/en\/wp-json\/wp\/v2\/pages\/3895\/revisions"}],"predecessor-version":[{"id":3896,"href":"https:\/\/fencing.az\/en\/wp-json\/wp\/v2\/pages\/3895\/revisions\/3896"}],"wp:attachment":[{"href":"https:\/\/fencing.az\/en\/wp-json\/wp\/v2\/media?parent=3895"}],"curies":[{"name":"wp","href":"https:\/\/api.w.org\/{rel}","templated":true}]}}