{"id":3851,"date":"2023-10-18T16:39:11","date_gmt":"2023-10-18T13:39:11","guid":{"rendered":"https:\/\/fencing.az\/?page_id=3851"},"modified":"2025-12-05T17:11:59","modified_gmt":"2025-12-05T14:11:59","slug":"%d1%84%d0%b5%d0%b4%d0%b5%d1%80%d0%b0%d1%86%d0%b8%d1%8f","status":"publish","type":"page","link":"https:\/\/fencing.az\/ru\/%d1%84%d0%b5%d0%b4%d0%b5%d1%80%d0%b0%d1%86%d0%b8%d1%8f\/","title":{"rendered":"\u0424\u0415\u0414\u0415\u0420\u0410\u0426\u0418\u042f"},"content":{"rendered":"<section class=\"wpb-content-wrapper\"><div data-vc-full-width=\"true\" data-vc-full-width-init=\"false\" class=\"vc_row wpb_row vc_row-fluid fixture-views vc_custom_1560161656174 vc_row-has-fill vc_row-o-equal-height vc_row-o-content-middle vc_row-flex\"><div class=\"wpb_column vc_column_container vc_col-sm-12\"><div class=\"vc_column-inner vc_custom_1557908472510\"><div class=\"wpb_wrapper\"><div class=\"vc_row wpb_row vc_inner vc_row-fluid vc_custom_1560153296232 vc_row-o-equal-height vc_row-o-content-middle vc_row-flex\"><div class=\"wpb_column vc_column_container vc_col-sm-5 vc_col-has-fill\"><div class=\"vc_column-inner vc_custom_1557908404124\"><div class=\"wpb_wrapper\">\n\t<div  class=\"wpb_single_image wpb_content_element vc_align_left  wpb_animate_when_almost_visible wpb_zoomIn zoomIn\">\n\t\t\n\t\t<figure class=\"wpb_wrapper vc_figure\">\n\t\t\t<div class=\"vc_single_image-wrapper vc_box_shadow_border_circle  vc_box_border_grey\"><img loading=\"lazy\" decoding=\"async\" class=\"vc_single_image-img\" src=\"https:\/\/fencing.az\/wp-content\/uploads\/2019\/04\/51328951_2172087672859059_805970180965400576_n-615x600.jpg\" width=\"615\" height=\"600\" alt=\"51328951_2172087672859059_805970180965400576_n\" title=\"51328951_2172087672859059_805970180965400576_n\" \/><\/div>\n\t\t<\/figure>\n\t<\/div>\n<\/div><\/div><\/div><div class=\"wpb_column vc_column_container vc_col-sm-7\"><div class=\"vc_column-inner vc_custom_1557734622756\"><div class=\"wpb_wrapper\">\r\n        <div class=\"rs-heading style2\">\r\n        \t<div class=\"title-inner\">\r\n        \t\t       \t\t\r\n\t            \r\n\t            <h2 class=\"title title-upper\" style=\"color: #111111\">\u0424\u0435\u0434\u0435\u0440\u0430\u0446\u0438\u044f \u0444\u0435\u0445\u0442\u043e\u0432\u0430\u043d\u0438\u044f \u0410\u0437\u0435\u0440\u0431\u0430\u0439\u0434\u0436\u0430\u043d\u0430<\/h2> <span class=\"lines-bg\"><\/span>\r\n\t            <div class=\"title-img bottom-img\"><\/div>\r\n\t        <\/div><div class=\"description\"  style=\"color: #111111\">\n<h4>\u0424\u0435\u0434\u0435\u0440\u0430\u0446\u0438\u044f \u0444\u0435\u0445\u0442\u043e\u0432\u0430\u043d\u0438\u044f \u0410\u0437\u0435\u0440\u0431\u0430\u0439\u0434\u0436\u0430\u043d\u0430 \u0431\u044b\u043b\u0430 \u0441\u043e\u0437\u0434\u0430\u043d\u0430 28 \u0430\u043f\u0440\u0435\u043b\u044f 1992 \u0433\u043e\u0434\u0430. \u0412 \u043c\u0430\u0435 1992 \u0433\u043e\u0434\u0430 AQF \u0431\u044b\u043b\u0430 \u0438\u0437\u0431\u0440\u0430\u043d\u0430 \u0447\u043b\u0435\u043d\u043e\u043c \u041c\u0435\u0436\u0434\u0443\u043d\u0430\u0440\u043e\u0434\u043d\u043e\u0439 \u0444\u0435\u0434\u0435\u0440\u0430\u0446\u0438\u0438 \u0444\u0435\u0445\u0442\u043e\u0432\u0430\u043d\u0438\u044f.<\/h4>\n<h4>2017-ci ilin sentyabr\u0131n 20-d\u0259 Az\u0259rbaycan Q\u0131l\u0131ncoynatma Federasiyas\u0131n\u0131n n\u00f6vb\u0259d\u0259nk\u0259nar hesabat-se\u00e7ki konfrans\u0131 ke\u00e7irilib. Milli Olimpiya Komit\u0259sinin inzibati binas\u0131nda ke\u00e7iril\u0259n konfransda Mikay\u0131l Cabbarov qurumun prezidenti se\u00e7ilib. 2021-ci il 20 noyabrda G\u0259ncl\u0259r v\u0259 \u0130dman Nazirliyinin inzibati binas\u0131nda ke\u00e7iril\u0259n \u00fcmumi y\u0131\u011f\u0131ncaqda Balaki\u015fi Qas\u0131mov Az\u0259rbaycan Q\u0131l\u0131ncoynatma Federasiyas\u0131n\u0131n prezidenti se\u00e7ilib. 5 \u0434\u0435\u043a\u0430\u0431\u0440\u044f 2025 \u0433\u043e\u0434\u0430 \u043d\u0430 \u043e\u0431\u0449\u0435\u043c \u0441\u043e\u0431\u0440\u0430\u043d\u0438\u0438, \u0441\u043e\u0441\u0442\u043e\u044f\u0432\u0448\u0435\u043c\u0441\u044f \u0432 \u0430\u0434\u043c\u0438\u043d\u0438\u0441\u0442\u0440\u0430\u0442\u0438\u0432\u043d\u043e\u043c \u0437\u0434\u0430\u043d\u0438\u0438 \u041c\u0438\u043d\u0438\u0441\u0442\u0435\u0440\u0441\u0442\u0432\u0430 \u043c\u043e\u043b\u043e\u0434\u0435\u0436\u0438 \u0438 \u0441\u043f\u043e\u0440\u0442\u0430, \u0411\u0430\u043b\u0430\u043a\u0438\u0448\u0438 \u0413\u0430\u0441\u044b\u043c\u043e\u0432 \u0431\u044b\u043b \u043f\u0435\u0440\u0435\u0438\u0437\u0431\u0440\u0430\u043d \u043d\u0430 \u043f\u043e\u0441\u0442 \u043f\u0440\u0435\u0437\u0438\u0434\u0435\u043d\u0442\u0430 \u0424\u0435\u0434\u0435\u0440\u0430\u0446\u0438\u0438 \u0444\u0435\u0445\u0442\u043e\u0432\u0430\u043d\u0438\u044f \u0410\u0437\u0435\u0440\u0431\u0430\u0439\u0434\u0436\u0430\u043d\u0430.<\/h4>\n<p>&nbsp;<\/p>\n<div id=\"htmlOutputWrapper\">\n<ul class=\"stylelisting\">\n<li>\n<h4>\u0412\u0438\u0446\u0435-\u043f\u0440\u0435\u0437\u0438\u0434\u0435\u043d\u0442\u043e\u043c \u0424\u0435\u0434\u0435\u0440\u0430\u0446\u0438\u0438 \u044f\u0432\u043b\u044f\u0435\u0442\u0441\u044f \u0424\u0438\u043a\u0440\u0435\u0442 \u0417\u0435\u0439\u043d\u0430\u043b\u043e\u0432, \u0430 \u0433\u0435\u043d\u0435\u0440\u0430\u043b\u044c\u043d\u044b\u043c \u0441\u0435\u043a\u0440\u0435\u0442\u0430\u0440\u0435\u043c \u2014 \u0412\u0430\u0441\u0438\u0444 \u041c\u0430\u043c\u0435\u0434\u043e\u0432.<\/h4>\n<\/li>\n<li>\n<h4>\u0413\u043b\u0430\u0432\u043d\u044b\u0439 \u0442\u0440\u0435\u043d\u0435\u0440 \u043d\u0430\u0446\u0438\u043e\u043d\u0430\u043b\u044c\u043d\u043e\u0439 \u0441\u0431\u043e\u0440\u043d\u043e\u0439 \u043f\u043e \u0444\u0435\u0445\u0442\u043e\u0432\u0430\u043d\u0438\u044e \u2013 \u0427\u0438\u043d\u0433\u0438\u0437 \u041c\u0443\u0441\u0442\u0430\u0444\u0430\u0435\u0432.<\/h4>\n<\/li>\n<\/ul>\n<\/div>\n<p><\/p><\/div><\/div><\/div><\/div><\/div><\/div><\/div><\/div><\/div><\/div><div class=\"vc_row-full-width vc_clearfix\"><\/div>\n<\/section>","protected":false},"excerpt":{"rendered":"Az\u0259rbaycan Q\u0131l\u0131ncoynatma Federasiyas\u0131 Az\u0259rbaycan Q\u0131l\u0131ncoynatma Federasiyas\u0131 1992-ci il aprelin 28-i yarad\u0131l\u0131b. 1992-ci ilin may ay\u0131nda AQF Beyn\u0259lxalq Q\u0131l\u0131ncoynatma Federasiyas\u0131na \u00fczv se\u00e7ilib. 2017-ci ilin sentyabr\u0131n 20-d\u0259 Az\u0259rbaycan Q\u0131l\u0131ncoynatma Federasiyas\u0131n\u0131n n\u00f6vb\u0259d\u0259nk\u0259nar hesabat-se\u00e7ki konfrans\u0131 ke\u00e7irilib. Milli Olimpiya Komit\u0259sinin inzibati binas\u0131nda ke\u00e7iril\u0259n konfransda Mikay\u0131l Cabbarov qurumun prezidenti se\u00e7ilib. 2021-ci il 20 noyabrda G\u0259ncl\u0259r v\u0259 \u0130dman Nazirliyinin inzibati binas\u0131nda ke\u00e7iril\u0259n [...]","protected":false},"author":1,"featured_media":0,"parent":0,"menu_order":0,"comment_status":"closed","ping_status":"closed","template":"","meta":{"footnotes":""},"class_list":["post-3851","page","type-page","status-publish","hentry"],"lang":"ru","translations":{"en":3848,"az":2083,"ru":3851},"_links":{"self":[{"href":"https:\/\/fencing.az\/ru\/wp-json\/wp\/v2\/pages\/3851","targetHints":{"allow":["GET"]}}],"collection":[{"href":"https:\/\/fencing.az\/ru\/wp-json\/wp\/v2\/pages"}],"about":[{"href":"https:\/\/fencing.az\/ru\/wp-json\/wp\/v2\/types\/page"}],"author":[{"embeddable":true,"href":"https:\/\/fencing.az\/ru\/wp-json\/wp\/v2\/users\/1"}],"replies":[{"embeddable":true,"href":"https:\/\/fencing.az\/ru\/wp-json\/wp\/v2\/comments?post=3851"}],"version-history":[{"count":4,"href":"https:\/\/fencing.az\/ru\/wp-json\/wp\/v2\/pages\/3851\/revisions"}],"predecessor-version":[{"id":4263,"href":"https:\/\/fencing.az\/ru\/wp-json\/wp\/v2\/pages\/3851\/revisions\/4263"}],"wp:attachment":[{"href":"https:\/\/fencing.az\/ru\/wp-json\/wp\/v2\/media?parent=3851"}],"curies":[{"name":"wp","href":"https:\/\/api.w.org\/{rel}","templated":true}]}}