{"id":3861,"date":"2023-10-18T16:49:37","date_gmt":"2023-10-18T13:49:37","guid":{"rendered":"https:\/\/fencing.az\/?page_id=3861"},"modified":"2023-10-18T16:49:37","modified_gmt":"2023-10-18T13:49:37","slug":"%d0%b8%d1%81%d1%82%d0%be%d1%80%d0%b8%d1%8f-%d1%84%d0%b5%d1%85%d1%82%d0%be%d0%b2%d0%b0%d0%bd%d0%b8%d1%8f","status":"publish","type":"page","link":"https:\/\/fencing.az\/ru\/%d0%b8%d1%81%d1%82%d0%be%d1%80%d0%b8%d1%8f-%d1%84%d0%b5%d1%85%d1%82%d0%be%d0%b2%d0%b0%d0%bd%d0%b8%d1%8f\/","title":{"rendered":"\u0418\u0441\u0442\u043e\u0440\u0438\u044f \u0444\u0435\u0445\u0442\u043e\u0432\u0430\u043d\u0438\u044f"},"content":{"rendered":"<section class=\"wpb-content-wrapper\"><div class=\"vc_row wpb_row vc_row-fluid\"><div class=\"wpb_column vc_column_container vc_col-sm-12\"><div class=\"vc_column-inner\"><div class=\"wpb_wrapper\"><div class=\"vc_tta-container\" data-vc-action=\"collapse\"><div class=\"vc_general vc_tta vc_tta-accordion vc_tta-color-grey vc_tta-style-classic vc_tta-shape-rounded vc_tta-o-shape-group vc_tta-controls-align-left\"><div class=\"vc_tta-panels-container\"><div class=\"vc_tta-panels\"><div class=\"vc_tta-panel vc_active\" id=\"1618498403776-4ef91850-0269\" data-vc-content=\".vc_tta-panel-body\"><div class=\"vc_tta-panel-heading\"><h4 class=\"vc_tta-panel-title vc_tta-controls-icon-position-left\"><a href=\"#1618498403776-4ef91850-0269\" data-vc-accordion data-vc-container=\".vc_tta-container\"><span class=\"vc_tta-title-text\">\u0424\u0435\u0445\u0442\u043e\u0432\u0430\u043d\u0438\u0435 \u0441\u043e\u0441\u0442\u043e\u0438\u0442 \u0438\u0437 \u0442\u0440\u0435\u0445 \u0432\u0438\u0434\u043e\u0432: \u0440\u0430\u043f\u0438\u0440\u0430, \u043c\u0435\u0447 \u0438 \u0448\u043f\u0430\u0433\u0430.<\/span><i class=\"vc_tta-controls-icon vc_tta-controls-icon-plus\"><\/i><\/a><\/h4><\/div><div class=\"vc_tta-panel-body\">\n\t<div class=\"wpb_text_column wpb_content_element\" >\n\t\t<div class=\"wpb_wrapper\">\n\t\t\t<p><span style=\"font-size: 14pt;\">\u041a\u0430\u0441\u0430\u043d\u0438\u0435 \u043e\u0440\u0443\u0436\u0438\u0435\u043c \u043f\u043e\u0440\u0430\u0436\u0430\u0435\u043c\u043e\u0439 \u043f\u043e\u0432\u0435\u0440\u0445\u043d\u043e\u0441\u0442\u0438 \u043f\u0440\u043e\u0442\u0438\u0432\u043d\u0438\u043a\u0430 \u043e\u043f\u0440\u0435\u0434\u0435\u043b\u044f\u0435\u0442\u0441\u044f \u0441\u0443\u0434\u044c\u0435\u0439 \u0438 \u044d\u043b\u0435\u043a\u0442\u0440\u043e\u0444\u0438\u043a\u0441\u0430\u0442\u043e\u0440\u043e\u043c.<\/span><\/p>\n<p><span style=\"font-size: 14pt;\">\u0414\u043b\u0438\u043d\u0430 \u0441\u043f\u043e\u0440\u0442\u0438\u0432\u043d\u043e\u0439 \u0440\u0430\u043f\u0438\u0440\u044b \u2013 \u0434\u043e 110 \u0441\u043c, \u0432\u0435\u0441 \u2013 \u0434\u043e 500 \u0433\u0440\u0430\u043c\u043c, \u0437\u0430\u043f\u044f\u0441\u0442\u044c\u044f \u0437\u0430\u0449\u0438\u0449\u0435\u043d\u044b \u043a\u0440\u0443\u0433\u043e\u0432\u043e\u0439 \u0433\u0430\u0440\u0434\u043e\u0439 \u0434\u0438\u0430\u043c\u0435\u0442\u0440\u043e\u043c 12 \u0441\u043c.<\/span><\/p>\n<p><span style=\"font-size: 14pt;\">\u0414\u043b\u0438\u043d\u0430 \u0441\u043f\u043e\u0440\u0442\u0438\u0432\u043d\u043e\u0439 \u0441\u0430\u0431\u043b\u0438 \u0434\u043e 105 \u0441\u043c, \u0432\u0435\u0441 \u0434\u043e 500 \u0433, \u0437\u0430\u043f\u044f\u0441\u0442\u044c\u044f \u0437\u0430\u0449\u0438\u0449\u0435\u043d\u044b \u0441\u0442\u0430\u043b\u044c\u043d\u043e\u0439 \u0433\u0438\u0431\u043a\u043e\u0439 \u0442\u0440\u0430\u043f\u0435\u0446\u0438\u0435\u0432\u0438\u0434\u043d\u043e\u0439 \u0433\u0430\u0440\u0434\u043e\u0439.<\/span><\/p>\n<p><span style=\"font-size: 14pt;\">\u0414\u043b\u0438\u043d\u0430 \u0441\u043f\u043e\u0440\u0442\u0438\u0432\u043d\u043e\u0439 \u0448\u043f\u0430\u0433\u0438 \u0434\u043e 110 \u0441\u043c, \u0432\u0435\u0441 \u0434\u043e 700 \u0433, \u043e\u0441\u0442\u0440\u043e\u0435 \u043e\u0440\u0443\u0436\u0438\u0435, \u0441\u043e\u0441\u0442\u043e\u044f\u0449\u0435\u0435 \u0438\u0437 \u0442\u0440\u0435\u0443\u0433\u043e\u043b\u044c\u043d\u043e\u0439 \u0447\u0430\u0441\u0442\u0438 \u0441 \u0433\u0438\u0431\u043a\u0438\u043c \u043b\u0435\u0437\u0432\u0438\u0435\u043c \u0438\u0437 \u0441\u0442\u0430\u043b\u0438, \u0437\u0430\u043f\u044f\u0441\u0442\u044c\u044f \u0437\u0430\u0449\u0438\u0449\u0435\u043d\u044b \u0433\u0430\u0440\u0434\u043e\u0439 \u0434\u0438\u0430\u043c\u0435\u0442\u0440\u043e\u043c 13,5 \u043c\u043c. \u0441\u043c.<\/span><\/p>\n<p><span style=\"font-size: 14pt;\">\u0412 \u0431\u043e\u044f\u0445 \u043d\u0430 \u0440\u0430\u043f\u0438\u0440\u0430\u0445 \u0440\u0430\u0437\u0440\u0435\u0448\u0435\u043d\u044b \u0442\u043e\u043b\u044c\u043a\u043e \u043a\u043e\u043b\u044e\u0449\u0438\u0435 \u0443\u0434\u0430\u0440\u044b \u0432 \u0442\u0435\u043b\u043e, \u0432 \u0431\u043e\u044f\u0445 \u043d\u0430 \u043c\u0435\u0447\u0430\u0445 \u0432\u0441\u0435 \u0447\u0430\u0441\u0442\u0438 \u0442\u0435\u043b\u0430, \u043a\u0440\u043e\u043c\u0435 \u0437\u0430\u0442\u044b\u043b\u043a\u0430, \u043d\u0435 \u0437\u0430\u0449\u0438\u0449\u0435\u043d\u043d\u044b\u0435 \u043c\u0430\u0441\u043a\u043e\u0439, \u0430 \u0432 \u0431\u043e\u044f\u0445 \u043d\u0430 \u043c\u0435\u0447\u0430\u0445 \u0440\u0430\u0437\u0440\u0435\u0448\u0435\u043d\u044b \u0432\u0441\u0435 \u043a\u043e\u043b\u044e\u0449\u0438\u0435 \u0443\u0434\u0430\u0440\u044b \u0438\u043b\u0438 \u0443\u0434\u0430\u0440\u044b \u0432\u044b\u0448\u0435 \u043f\u043e\u044f\u0441\u0430. \u0411\u043e\u0438 \u043f\u0440\u043e\u0432\u043e\u0434\u044f\u0442\u0441\u044f \u043d\u0430 \u0444\u0435\u0445\u0442\u043e\u0432\u0430\u043b\u044c\u043d\u043e\u0439 \u0434\u043e\u0440\u043e\u0436\u043a\u0435 \u0434\u043b\u0438\u043d\u043e\u0439 14 \u043c \u0438 \u0448\u0438\u0440\u0438\u043d\u043e\u0439 1,8-2 \u043c.<\/span><\/p>\n<p><span style=\"font-size: 14pt;\">\u0421\u043f\u043e\u0440\u0442\u0441\u043c\u0435\u043d\u044b \u0432\u044b\u0441\u0442\u0443\u043f\u0430\u044e\u0442 \u0432 \u043b\u0435\u0433\u043a\u0438\u0445 \u0437\u0430\u0449\u0438\u0442\u043d\u044b\u0445 \u043a\u0443\u0440\u0442\u043a\u0430\u0445, \u043f\u043e\u043a\u0440\u044b\u0442\u044b\u0445 \u043c\u0435\u0442\u0430\u043b\u043b\u0438\u0437\u0438\u0440\u043e\u0432\u0430\u043d\u043d\u043e\u0439 \u0442\u043a\u0430\u043d\u044c\u044e (\u0440\u0430\u043f\u0438\u0440\u0430, \u043c\u0435\u0447), \u200b\u200b\u043c\u0430\u0441\u043a\u0430\u0445 \u0441 \u043c\u0435\u0442\u0430\u043b\u043b\u0438\u0447\u0435\u0441\u043a\u043e\u0439 \u0441\u0435\u0442\u043a\u043e\u0439 \u0438 \u043f\u0435\u0440\u0447\u0430\u0442\u043a\u0430\u0445 \u0432 \u0440\u0443\u043a\u0435 \u0441 \u043e\u0440\u0443\u0436\u0438\u0435\u043c.<\/span><\/p>\n\n\t\t<\/div>\n\t<\/div>\n<\/div><\/div><div class=\"vc_tta-panel\" id=\"1618498403777-d574d6dc-044b\" data-vc-content=\".vc_tta-panel-body\"><div class=\"vc_tta-panel-heading\"><h4 class=\"vc_tta-panel-title vc_tta-controls-icon-position-left\"><a href=\"#1618498403777-d574d6dc-044b\" data-vc-accordion data-vc-container=\".vc_tta-container\"><span class=\"vc_tta-title-text\">\u041a\u0440\u043e\u043c\u0435 \u0442\u043e\u0433\u043e, \u043e\u0433\u0440\u0430\u0436\u0434\u0435\u043d\u0438\u044f \u0434\u0435\u043b\u044f\u0442\u0441\u044f \u043d\u0430 \u0441\u043b\u0435\u0434\u0443\u044e\u0449\u0438\u0435 \u0432\u0438\u0434\u044b:<\/span><i class=\"vc_tta-controls-icon vc_tta-controls-icon-plus\"><\/i><\/a><\/h4><\/div><div class=\"vc_tta-panel-body\">\n\t<div class=\"wpb_text_column wpb_content_element\" >\n\t\t<div class=\"wpb_wrapper\">\n\t\t\t<ol>\n<li><span style=\"font-size: 14pt;\">D\u00f6y\u00fc\u015f q\u0131l\u0131ncoynatmas\u0131 &#8211; m\u00fcxt\u0259lif n\u00f6v soyuq silahdan istifad\u0259 ed\u0259 bilm\u0259 s\u0259n\u0259tidir. \u018fsl d\u00f6y\u00fc\u015f\u00e7\u00fcn\u00fcn h\u0259qiqi d\u00f6y\u00fc\u015f\u0259 haz\u0131rl\u0131\u011f\u0131n\u0131n bir hiss\u0259sidir;<\/span><\/li>\n<\/ol>\n<ol start=\"2\">\n<li><span style=\"font-size: 14pt;\">\u0130dman q\u0131l\u0131ncoynatmas\u0131 &#8211; ad\u0131ndan g\u00f6r\u00fcnd\u00fcy\u00fc kimi bu g\u00fcn Avropa v\u0259 d\u00fcnya \u00e7empionatlar\u0131n\u0131n ke\u00e7irildiyi idman n\u00f6v\u00fcd\u00fcr. El\u0259c\u0259 d\u0259, idman q\u0131l\u0131ncoynatmas\u0131 Olimpiya oyunlar\u0131n\u0131n proqram\u0131na daxi edilib;<\/span><\/li>\n<\/ol>\n<ol start=\"3\">\n<li><span style=\"font-size: 14pt;\">Artistik q\u0131l\u0131ncoynatma &#8211; idman q\u0131l\u0131ncoynatmas\u0131n\u0131n bir n\u00f6v\u00fcd\u00fcr. \u0130dman\u00e7\u0131lar\u0131n \u0259sas m\u0259qs\u0259di h\u0259m tama\u015fa\u00e7\u0131lara, h\u0259m d\u0259 hakiml\u0259r\u0259 \u0259sl soyuq silahdan istifad\u0259 etm\u0259kl\u0259 h\u0259qiq\u0259t\u0259yax\u0131n d\u00f6y\u00fc\u015f t\u0259qdim etm\u0259kdir;<\/span><\/li>\n<\/ol>\n<ol start=\"4\">\n<li><span style=\"font-size: 14pt;\">Tarixi q\u0131l\u0131ncoynatma &#8211; q\u0259dim d\u00f6y\u00fc\u015f texnikas\u0131v\u0259 taktikas\u0131 \u00fcz\u0259rind\u0259 qururlub. Bundan ba\u015fqa tarixi q\u0131l\u0131ncoynatma d\u00f6y\u00fc\u015f\u00fcnd\u0259 i\u015ftirak ed\u0259n idman\u00e7\u0131lar q\u0259dim geyiml\u0259r\u0259 geyinir v\u0259 ke\u00e7mi\u015f d\u00f6vr ustalar\u0131n\u0131n silahlar\u0131n\u0131n sur\u0259tl\u0259ri il\u0259 d\u00f6y\u00fc\u015f\u00fcr;<\/span><\/li>\n<\/ol>\n<ol start=\"5\">\n<li><span style=\"font-size: 14pt;\">S\u0259hn\u0259vi q\u0131l\u0131ncoynatma &#8211; Soyuq silahla nec\u0259 davranmaq laz\u0131m oldu\u011funu bax\u0131ml\u0131 \u015f\u0259kild\u0259 n\u00fcmayi\u015f etdir\u0259n q\u0131l\u0131ncoynatma n\u00f6c\u00fcd\u00fcr. S\u0259hn\u0259vi q\u0131l\u0131ncoynatma bir \u00e7ox teatr t\u0259dris m\u00fc\u0259ssis\u0259l\u0259rind\u0259 d\u0259rs n\u00f6v\u00fcd\u00fcr.<\/span><\/li>\n<\/ol>\n\n\t\t<\/div>\n\t<\/div>\n<\/div><\/div><\/div><\/div><\/div><\/div><\/div><\/div><\/div><\/div><div class=\"vc_row wpb_row vc_row-fluid\"><div class=\"wpb_column vc_column_container vc_col-sm-12\"><div class=\"vc_column-inner\"><div class=\"wpb_wrapper\">\n\t<div class=\"wpb_text_column wpb_content_element\" >\n\t\t<div class=\"wpb_wrapper\">\n\t\t\t<p><span style=\"font-size: 14pt;\">\u0424\u0435\u0445\u0442\u043e\u0432\u0430\u043d\u0438\u0435 \u0437\u0430\u0440\u043e\u0434\u0438\u043b\u043e\u0441\u044c \u0432 \u0418\u0441\u043f\u0430\u043d\u0438\u0438 \u0432 15 \u0432\u0435\u043a\u0435. \u042d\u0442\u043e\u0442 \u0432\u0438\u0434 \u0441\u043f\u043e\u0440\u0442\u0430 \u043f\u0440\u0438\u043e\u0431\u0440\u0435\u043b \u0442\u0430\u043c \u0431\u043e\u043b\u044c\u0448\u0443\u044e \u043f\u043e\u043f\u0443\u043b\u044f\u0440\u043d\u043e\u0441\u0442\u044c. \u0412 1567 \u0433\u043e\u0434\u0443 \u043a\u043e\u0440\u043e\u043b\u044c \u041a\u0430\u0440\u043b IX \u043e\u0441\u043d\u043e\u0432\u0430\u043b \u0410\u043a\u0430\u0434\u0435\u043c\u0438\u044e \u0444\u0435\u0445\u0442\u043e\u0432\u0430\u043d\u0438\u044f. \u0415\u0441\u043b\u0438 \u0440\u0430\u0441\u0441\u043c\u0430\u0442\u0440\u0438\u0432\u0430\u0442\u044c \u043a\u0443\u043b\u044c\u0442\u0443\u0440\u043d\u0443\u044e \u0441\u0442\u043e\u0440\u043e\u043d\u0443 \u0432\u043e\u043f\u0440\u043e\u0441\u0430, \u0442\u043e \u043d\u0435\u043b\u044c\u0437\u044f \u043e\u0431\u043e\u0439\u0442\u0438 \u0432\u043d\u0438\u043c\u0430\u043d\u0438\u0435\u043c \u0442\u0430\u043a\u043e\u0439 \u043d\u044e\u0430\u043d\u0441, \u043a\u0430\u043a \u0434\u0435\u0432\u0438\u0437 \u0444\u0435\u0445\u0442\u043e\u0432\u0430\u043d\u0438\u044f. \u041c\u043e\u043b\u044c\u0435\u0440 \u0441\u043a\u0430\u0437\u0430\u043b \u0432 1650 \u0433\u043e\u0434\u0443: \u00ab\u0424\u0435\u0445\u0442\u043e\u0432\u0430\u043d\u0438\u0435 \u2014 \u044d\u0442\u043e \u0438\u0441\u043a\u0443\u0441\u0441\u0442\u0432\u043e \u043d\u0430\u043d\u043e\u0441\u0438\u0442\u044c \u0443\u0434\u0430\u0440\u044b, \u043d\u0435 \u043f\u043e\u0434\u0432\u0435\u0440\u0433\u0430\u044f\u0441\u044c \u0443\u0434\u0430\u0440\u0430\u043c\u00bb.<\/span><\/p>\n<p><span style=\"font-size: 14pt;\">\u0421\u043f\u0443\u0441\u0442\u044f \u043d\u0435\u043a\u043e\u0442\u043e\u0440\u043e\u0435 \u0432\u0440\u0435\u043c\u044f \u0432 \u0440\u0430\u0437\u0432\u0438\u0442\u0438\u0438 \u0444\u0435\u0445\u0442\u043e\u0432\u0430\u043d\u0438\u044f \u043d\u0430\u0440\u044f\u0434\u0443 \u0441 \u0418\u0441\u043f\u0430\u043d\u0438\u0435\u0439 \u0441\u0442\u0430\u043b\u0438 \u0443\u0447\u0430\u0441\u0442\u0432\u043e\u0432\u0430\u0442\u044c \u0438 \u0434\u0440\u0443\u0433\u0438\u0435 \u0441\u0442\u0440\u0430\u043d\u044b. \u0412 1765 \u0433\u043e\u0434\u0443 \u0444\u0440\u0430\u043d\u0446\u0443\u0437\u044b \u043f\u0440\u0435\u0434\u043b\u043e\u0436\u0438\u043b\u0438 \u0438\u0441\u043f\u043e\u043b\u044c\u0437\u043e\u0432\u0430\u0442\u044c \u0432\u043e \u0432\u0440\u0435\u043c\u044f \u0431\u043e\u0435\u0432 \u0441\u043f\u0435\u0446\u0438\u0430\u043b\u044c\u043d\u044b\u0435 \u043c\u0430\u0441\u043a\u0438 \u0434\u043b\u044f \u043f\u043e\u0432\u044b\u0448\u0435\u043d\u0438\u044f \u0431\u0435\u0437\u043e\u043f\u0430\u0441\u043d\u043e\u0441\u0442\u0438 \u044d\u0442\u043e\u0433\u043e \u0432\u0438\u0434\u0430 \u0441\u043f\u043e\u0440\u0442\u0430.<\/span><\/p>\n<p><span style=\"font-size: 14pt;\">\u042d\u0442\u043e\u0442 \u0432\u0438\u0434 \u0441\u043f\u043e\u0440\u0442\u0430 \u0431\u044b\u043b \u0432\u043a\u043b\u044e\u0447\u0435\u043d \u0432 \u043f\u0440\u043e\u0433\u0440\u0430\u043c\u043c\u0443 \u043f\u0435\u0440\u0432\u044b\u0445 \u041e\u043b\u0438\u043c\u043f\u0438\u0439\u0441\u043a\u0438\u0445 \u0438\u0433\u0440, \u043f\u0440\u043e\u0445\u043e\u0434\u0438\u0432\u0448\u0438\u0445 \u0432 \u0410\u0444\u0438\u043d\u0430\u0445. \u041f\u043e\u044d\u0442\u043e\u043c\u0443 \u043d\u0435\u0443\u0434\u0438\u0432\u0438\u0442\u0435\u043b\u044c\u043d\u043e, \u0447\u0442\u043e \u0444\u0435\u0445\u0442\u043e\u0432\u0430\u043d\u0438\u0435 \u043f\u0440\u0438\u043e\u0431\u0440\u0435\u043b\u043e \u0442\u0430\u043a\u0443\u044e \u200b\u200b\u043f\u043e\u043f\u0443\u043b\u044f\u0440\u043d\u043e\u0441\u0442\u044c \u0432\u043e \u0432\u0441\u0435\u043c \u043c\u0438\u0440\u0435.<\/span><\/p>\n<p><span style=\"font-size: 14pt;\">\u0412 1913 \u0433\u043e\u0434\u0443 \u0431\u044b\u043b\u0430 \u0441\u043e\u0437\u0434\u0430\u043d\u0430 \u041c\u0435\u0436\u0434\u0443\u043d\u0430\u0440\u043e\u0434\u043d\u0430\u044f \u0444\u0435\u0434\u0435\u0440\u0430\u0446\u0438\u044f \u0444\u0435\u0445\u0442\u043e\u0432\u0430\u043d\u0438\u044f, \u0438 \u044d\u0442\u043e\u0442 \u043e\u0440\u0433\u0430\u043d \u0441\u0442\u0430\u043b \u0443\u0442\u0432\u0435\u0440\u0436\u0434\u0430\u0442\u044c \u043e\u0431\u0449\u0438\u0435 \u043f\u0440\u0430\u0432\u0438\u043b\u0430 \u043f\u043e\u043f\u0443\u043b\u044f\u0440\u0438\u0437\u0430\u0446\u0438\u0438 \u044d\u0442\u043e\u0433\u043e \u0432\u0438\u0434\u0430 \u0441\u043f\u043e\u0440\u0442\u0430. \u0427\u0435\u043c\u043f\u0438\u043e\u043d\u0430\u0442\u044b \u0415\u0432\u0440\u043e\u043f\u044b \u043f\u043e \u0444\u0435\u0445\u0442\u043e\u0432\u0430\u043d\u0438\u044e \u043f\u0440\u043e\u0432\u043e\u0434\u044f\u0442\u0441\u044f \u0441 1906 \u0433\u043e\u0434\u0430, \u0430 \u0447\u0435\u043c\u043f\u0438\u043e\u043d\u0430\u0442\u044b \u043c\u0438\u0440\u0430 \u2014 \u0441 1937 \u0433\u043e\u0434\u0430.<\/span><\/p>\n<p><span style=\"font-size: 14pt;\">\u0427\u0442\u043e \u043a\u0430\u0441\u0430\u0435\u0442\u0441\u044f \u043f\u0440\u0430\u0432\u0438\u043b, \u0442\u043e \u043d\u0430 \u0441\u0430\u043c\u043e\u043c \u0434\u0435\u043b\u0435 \u0431\u043e\u043b\u044c\u0448\u0438\u043d\u0441\u0442\u0432\u043e \u0438\u0437 \u043d\u0438\u0445 \u0441\u043b\u043e\u0436\u0438\u043b\u043e\u0441\u044c \u0435\u0449\u0435 \u0432 \u0441\u0440\u0435\u0434\u043d\u0438\u0435 \u0432\u0435\u043a\u0430. \u041a\u0430\u043a \u0438 \u043f\u0440\u0435\u0436\u0434\u0435, \u0442\u0435\u043f\u0435\u0440\u044c \u0433\u043b\u0430\u0432\u043d\u0430\u044f \u0446\u0435\u043b\u044c \u043a\u0430\u0436\u0434\u043e\u0433\u043e \u0441\u043f\u043e\u0440\u0442\u0441\u043c\u0435\u043d\u0430 (\u0444\u0435\u0445\u0442\u043e\u0432\u0430\u043b\u044c\u0449\u0438\u043a\u0430) \u2013 \u043d\u0430\u043d\u0435\u0441\u0442\u0438 \u0443\u0434\u0430\u0440 \u043f\u0440\u043e\u0442\u0438\u0432\u043d\u0438\u043a\u0443 \u0445\u043e\u043b\u043e\u0434\u043d\u044b\u043c \u043e\u0440\u0443\u0436\u0438\u0435\u043c \u0438 \u043f\u043e\u0441\u0442\u0430\u0440\u0430\u0442\u044c\u0441\u044f \u0438\u0437\u0431\u0435\u0436\u0430\u0442\u044c \u0443\u043a\u0443\u0441\u043e\u0432. \u041f\u043e\u0431\u0435\u0434\u0438\u0442\u0435\u043b\u0435\u043c \u043e\u0431\u044a\u044f\u0432\u043b\u044f\u0435\u0442\u0441\u044f \u0441\u043f\u043e\u0440\u0442\u0441\u043c\u0435\u043d, \u043a\u043e\u0442\u043e\u0440\u044b\u0439 \u0431\u043e\u043b\u044c\u0448\u0435 \u0432\u0441\u0435\u0445 \u0443\u0434\u0435\u0440\u0436\u0438\u0442 \u0441\u043e\u043f\u0435\u0440\u043d\u0438\u043a\u0430.<\/span><\/p>\n<p><span style=\"font-size: 14pt;\">\u041a\u0430\u043a \u0438 \u0432 \u0434\u0440\u0443\u0433\u0438\u0445 \u0432\u0438\u0434\u0430\u0445 \u0441\u043f\u043e\u0440\u0442\u0430, \u0444\u0435\u0445\u0442\u043e\u0432\u0430\u043d\u0438\u0435 \u043a\u043e\u043d\u0442\u0440\u043e\u043b\u0438\u0440\u0443\u0435\u0442\u0441\u044f \u0438 \u043e\u0446\u0435\u043d\u0438\u0432\u0430\u0435\u0442\u0441\u044f \u0441\u0443\u0434\u044c\u0435\u0439 \u043f\u043e \u0435\u0434\u0438\u043d\u043e\u0431\u043e\u0440\u0441\u0442\u0432\u0430\u043c. \u0412\u044b\u0448\u0435\u0443\u043f\u043e\u043c\u044f\u043d\u0443\u0442\u044b\u0439 \u0430\u043f\u043f\u0430\u0440\u0430\u0442 \u0440\u0435\u0433\u0438\u0441\u0442\u0440\u0438\u0440\u0443\u0435\u0442 \u0443\u043a\u0443\u0441\u044b \u043f\u043e\u0441\u0440\u0435\u0434\u0441\u0442\u0432\u043e\u043c \u043b\u0430\u043c\u043f. \u041a\u0430\u043a \u044d\u0442\u043e \u043f\u0440\u043e\u0438\u0437\u043e\u0448\u043b\u043e? \u0412\u0441\u0435 \u043e\u0447\u0435\u043d\u044c \u043f\u0440\u043e\u0441\u0442\u043e: \u044d\u043b\u0435\u043a\u0442\u0440\u0438\u0447\u0435\u0441\u043a\u0438\u0435 \u0441\u0445\u0435\u043c\u044b \u0435\u0441\u0442\u044c \u0438 \u043d\u0430 \u043e\u0434\u0435\u0436\u0434\u0435, \u0438 \u043d\u0430 \u043e\u0440\u0443\u0436\u0438\u0438. \u042d\u0442\u0438 \u0441\u0435\u0433\u043c\u0435\u043d\u0442\u044b \u043f\u043e\u0434\u043a\u043b\u044e\u0447\u0430\u044e\u0442\u0441\u044f \u043a \u0443\u0441\u0442\u0440\u043e\u0439\u0441\u0442\u0432\u0443, \u043f\u043e\u0441\u0440\u0435\u0434\u0441\u0442\u0432\u043e\u043c \u043a\u043e\u0442\u043e\u0440\u043e\u0433\u043e \u0444\u0438\u043a\u0441\u0438\u0440\u0443\u044e\u0442\u0441\u044f \u0443\u043a\u0443\u0441\u044b.<\/span><\/p>\n<p><span style=\"font-size: 14pt;\">\u041c\u0435\u0436\u0434\u0443\u043d\u0430\u0440\u043e\u0434\u043d\u0430\u044f \u0444\u0435\u0434\u0435\u0440\u0430\u0446\u0438\u044f \u0444\u0435\u0445\u0442\u043e\u0432\u0430\u043d\u0438\u044f (FIE) \u0431\u044b\u043b\u0430 \u043e\u0441\u043d\u043e\u0432\u0430\u043d\u0430 \u0432 1913 \u0433\u043e\u0434\u0443 \u0438 \u0432\u043a\u043b\u044e\u0447\u0430\u0435\u0442 \u0432 \u0441\u0435\u0431\u044f \u0431\u043e\u043b\u0435\u0435 130 \u043d\u0430\u0446\u0438\u043e\u043d\u0430\u043b\u044c\u043d\u044b\u0445 \u0444\u0435\u0434\u0435\u0440\u0430\u0446\u0438\u0439.<\/span><\/p>\n\n\t\t<\/div>\n\t<\/div>\n<\/div><\/div><\/div><\/div>\n<\/section>","protected":false},"excerpt":{"rendered":"Q\u0131l\u0131ncoynatma \u00fc\u00e7 n\u00f6vd\u0259n ibar\u0259tdir: rapira, q\u0131l\u0131nc v\u0259 \u015fpaqa. Silahla r\u0259qibin z\u0259rb\u0259 vurulan s\u0259thin\u0259 toxunu\u015f hakim v\u0259 elektrofiksator vasit\u0259sil\u0259 m\u00fc\u0259yy\u0259nl\u0259\u015fdirilir. \u0130dman rapiras\u0131n\u0131n uzunlu\u011fu 110 sm-d\u0259k, \u00e7\u0259kisi 500 qramad\u0259kdir, bil\u0259kl\u0259r 12 sm diametrlik dair\u0259vi qarda il\u0259 qorunur. \u0130dman sablyas\u0131n\u0131n uzunlu\u011fu 105 sm-d\u0259k, \u00e7\u0259kisi 500 q-d\u0259kdir, bil\u0259kl\u0259r polad elastik trapesiyavari qarda il\u0259 qorunur \u0130dman \u015fpaqas\u0131n\u0131n uzunlu\u011fu 110 sm-d\u0259k, [...]","protected":false},"author":1,"featured_media":0,"parent":0,"menu_order":0,"comment_status":"closed","ping_status":"closed","template":"","meta":{"footnotes":""},"class_list":["post-3861","page","type-page","status-publish","hentry"],"lang":"ru","translations":{"en":3859,"az":594,"ru":3861},"_links":{"self":[{"href":"https:\/\/fencing.az\/ru\/wp-json\/wp\/v2\/pages\/3861","targetHints":{"allow":["GET"]}}],"collection":[{"href":"https:\/\/fencing.az\/ru\/wp-json\/wp\/v2\/pages"}],"about":[{"href":"https:\/\/fencing.az\/ru\/wp-json\/wp\/v2\/types\/page"}],"author":[{"embeddable":true,"href":"https:\/\/fencing.az\/ru\/wp-json\/wp\/v2\/users\/1"}],"replies":[{"embeddable":true,"href":"https:\/\/fencing.az\/ru\/wp-json\/wp\/v2\/comments?post=3861"}],"version-history":[{"count":1,"href":"https:\/\/fencing.az\/ru\/wp-json\/wp\/v2\/pages\/3861\/revisions"}],"predecessor-version":[{"id":3862,"href":"https:\/\/fencing.az\/ru\/wp-json\/wp\/v2\/pages\/3861\/revisions\/3862"}],"wp:attachment":[{"href":"https:\/\/fencing.az\/ru\/wp-json\/wp\/v2\/media?parent=3861"}],"curies":[{"name":"wp","href":"https:\/\/api.w.org\/{rel}","templated":true}]}}