{"id":3865,"date":"2023-10-18T16:51:31","date_gmt":"2023-10-18T13:51:31","guid":{"rendered":"https:\/\/fencing.az\/?page_id=3865"},"modified":"2023-10-18T16:51:31","modified_gmt":"2023-10-18T13:51:31","slug":"%d1%81%d0%b5%d0%ba%d1%86%d0%b8%d0%b8","status":"publish","type":"page","link":"https:\/\/fencing.az\/ru\/%d1%81%d0%b5%d0%ba%d1%86%d0%b8%d0%b8\/","title":{"rendered":"\u0421\u0415\u041a\u0426\u0418\u0418"},"content":{"rendered":"<section class=\"wpb-content-wrapper\"><div class=\"vc_row wpb_row vc_row-fluid\"><div class=\"wpb_column vc_column_container vc_col-sm-12\"><div class=\"vc_column-inner\"><div class=\"wpb_wrapper\">\n\t<div class=\"wpb_raw_code wpb_content_element wpb_raw_html\" >\n\t\t<div class=\"wpb_wrapper\">\n\t\t\t<div id=\"footable_parent_2195\"\n         class=\"footable_parent ninja_table_wrapper loading_ninja_table wp_table_data_press_parent semantic_ui colored_table\">\n                <table data-ninja_table_instance=\"ninja_table_instance_0\" data-footable_id=\"2195\" data-filter-delay=\"1000\" aria-label=\"bolmeler\"            id=\"footable_2195\"\n           data-unique_identifier=\"ninja_table_unique_id_2077074309_2195\"\n           class=\"foo-table ninja_footable foo_table_2195 ninja_table_unique_id_2077074309_2195 ui table  blue nt_type_legacy_table selectable celled striped vertical_centered inverted footable-paging-right ninja_table_search_disabled ninja_table_pro\">\n                <colgroup>\n                            <col class=\"ninja_column_0\">\n                            <col class=\"ninja_column_1\">\n                            <col class=\"ninja_column_2\">\n                            <col class=\"ninja_column_3\">\n                    <\/colgroup>\n        <thead>\n<tr class=\"footable-header\">\n                                                                        <th scope=\"col\"  class=\"ninja_column_0 ninja_clmn_nm_\u2116\">\u2116<\/th><th scope=\"col\"  class=\"ninja_column_1 ninja_clmn_nm_m\u0259sqcil\u0259r\">\u0422\u0440\u0435\u043d\u0435\u0440\u044b<\/th><th scope=\"col\"  class=\"ninja_column_2 ninja_clmn_nm_m\u0259sq_kecirildiyi_yer\">\u041c\u0435\u0441\u0442\u043e \u043f\u0440\u043e\u0432\u0435\u0434\u0435\u043d\u0438\u044f \u0442\u0440\u0435\u043d\u0438\u0440\u043e\u0432\u043e\u043a<\/th><th scope=\"col\"  class=\"ninja_column_3 ninja_clmn_nm_unvan\">\u0410\u0434\u0440\u0435\u0441<\/th><\/tr>\n<\/thead>\n<tbody>\n\n        <tr data-row_id=\"3\" class=\"ninja_table_row_0 nt_row_id_3\">\n            <td>1<\/td><td>\u0413\u0443\u043b\u0438\u0435\u0432 \u0421\u0443\u0434\u0435\u0444<\/td><td>\u0414\u0432\u043e\u0440\u0435\u0446 \u0441\u043f\u043e\u0440\u0442\u0430 \u0422\u0435\u0445\u043d\u0438\u0447\u0435\u0441\u043a\u043e\u0433\u043e \u0443\u043d\u0438\u0432\u0435\u0440\u0441\u0438\u0442\u0435\u0442\u0430<\/td><td>\u0443\u043b\u0438\u0446\u0430 \u0410\u0439\u043d\u0430 \u0421\u0443\u043b\u0442\u0430\u043d\u043e\u0432\u0430, 13<\/td>        <\/tr>\n            <tr data-row_id=\"4\" class=\"ninja_table_row_1 nt_row_id_4\">\n            <td>2<\/td><td>\u0425\u0430\u043a\u0438\u043c\u043e\u0432 \u0422\u0430\u0445\u0438\u0440 <\/td><td>\u0414\u0432\u043e\u0440\u0435\u0446 \u0441\u043f\u043e\u0440\u0442\u0430 \u0422\u0435\u0445\u043d\u0438\u0447\u0435\u0441\u043a\u043e\u0433\u043e \u0443\u043d\u0438\u0432\u0435\u0440\u0441\u0438\u0442\u0435\u0442\u0430<\/td><td>\u0443\u043b\u0438\u0446\u0430 \u0410\u0439\u043d\u0430 \u0421\u0443\u043b\u0442\u0430\u043d\u043e\u0432\u0430, 13<\/td>        <\/tr>\n            <tr data-row_id=\"5\" class=\"ninja_table_row_2 nt_row_id_5\">\n            <td>3<\/td><td>\u0428\u0442\u0443\u0440\u0431\u0430\u0431\u0438\u043d \u0412\u0430\u0434\u0438\u043c<\/td><td>\u0414\u0432\u043e\u0440\u0435\u0446 \u0441\u043f\u043e\u0440\u0442\u0430 \u0422\u0435\u0445\u043d\u0438\u0447\u0435\u0441\u043a\u043e\u0433\u043e \u0443\u043d\u0438\u0432\u0435\u0440\u0441\u0438\u0442\u0435\u0442\u0430<\/td><td>\u0443\u043b\u0438\u0446\u0430 \u0410\u0439\u043d\u0430 \u0421\u0443\u043b\u0442\u0430\u043d\u043e\u0432\u0430, 13<\/td>        <\/tr>\n            <tr data-row_id=\"6\" class=\"ninja_table_row_3 nt_row_id_6\">\n            <td>4<\/td><td>\u0410\u0445\u043c\u0435\u0434\u043e\u0432 \u042d\u043b\u044c\u0445\u0430\u043d<\/td><td>\u0414\u0432\u043e\u0440\u0435\u0446 \u0441\u043f\u043e\u0440\u0442\u0430 \u0422\u0435\u0445\u043d\u0438\u0447\u0435\u0441\u043a\u043e\u0433\u043e \u0443\u043d\u0438\u0432\u0435\u0440\u0441\u0438\u0442\u0435\u0442\u0430<\/td><td>\u0443\u043b\u0438\u0446\u0430 \u0410\u0439\u043d\u0430 \u0421\u0443\u043b\u0442\u0430\u043d\u043e\u0432\u0430, 13<\/td>        <\/tr>\n            <tr data-row_id=\"7\" class=\"ninja_table_row_4 nt_row_id_7\">\n            <td>5<\/td><td>\u0421\u0430\u0444\u0430\u0440\u043e\u0432 \u0414\u0436\u0430\u0445\u0430\u043d\u0433\u0438\u0440<\/td><td>\u0414\u0432\u043e\u0440\u0435\u0446 \u0441\u043f\u043e\u0440\u0442\u0430 \u0422\u0435\u0445\u043d\u0438\u0447\u0435\u0441\u043a\u043e\u0433\u043e \u0443\u043d\u0438\u0432\u0435\u0440\u0441\u0438\u0442\u0435\u0442\u0430<\/td><td>\u0443\u043b\u0438\u0446\u0430 \u0410\u0439\u043d\u0430 \u0421\u0443\u043b\u0442\u0430\u043d\u043e\u0432\u0430, 13<\/td>        <\/tr>\n            <tr data-row_id=\"8\" class=\"ninja_table_row_5 nt_row_id_8\">\n            <td>6<\/td><td>\u0420\u0430\u0433\u0438\u043c\u043e\u0432 \u0418\u0441\u043b\u0430\u043c <\/td><td>\u041f\u043e\u043b\u043d\u043e\u0446\u0435\u043d\u043d\u044b\u0439 \u0441\u043f\u043e\u0440\u0442\u0437\u0430\u043b \u0441\u0440\u0435\u0434\u043d\u0435\u0439 \u0448\u043a\u043e\u043b\u044b \u2116 83<\/td><td>8-\u0439 \u043c\u0438\u043a\u0440\u043e\u0440\u0430\u0439\u043e\u043d \u0418. \u0414\u0430\u0434\u0430\u0448\u0435\u0432\u0430 \u0443\u043b. 91<\/td>        <\/tr>\n            <tr data-row_id=\"9\" class=\"ninja_table_row_6 nt_row_id_9\">\n            <td>7<\/td><td>Burc\u0259liyev Burc\u0259li<\/td><td>AQF \u0442\u0440\u0435\u043d\u0430\u0436\u0435\u0440\u043d\u044b\u0439 \u0437\u0430\u043b <\/td><td>\u0443\u043b. \u0421\u0430\u0444\u0430\u044f\u0442\u0430 \u041c\u0435\u0445\u0442\u0438\u0435\u0432\u0430 95<\/td>        <\/tr>\n            <tr data-row_id=\"10\" class=\"ninja_table_row_7 nt_row_id_10\">\n            <td>8<\/td><td>\u041e\u043b\u0435\u0433 \u0410\u0433\u0430\u0444\u043e\u043d\u043e\u0432<\/td><td>\u041f\u043e\u043b\u043d\u043e\u0446\u0435\u043d\u043d\u044b\u0439 \u0441\u043f\u043e\u0440\u0442\u0438\u0432\u043d\u044b\u0439 \u0437\u0430\u043b \u0441\u0440\u0435\u0434\u043d\u0435\u0439 \u0448\u043a\u043e\u043b\u044b \u2116 154; \u041f\u043e\u043b\u043d\u043e\u0446\u0435\u043d\u043d\u044b\u0439 \u0441\u043f\u043e\u0440\u0442\u0438\u0432\u043d\u044b\u0439 \u0437\u0430\u043b \u0441\u0440\u0435\u0434\u043d\u0435\u0439 \u0448\u043a\u043e\u043b\u044b \u2116177.<\/td><td>5-\u0439 \u043c\u0438\u043a\u0440\u043e\u0440\u0430\u0439\u043e\u043d, \u0443\u043b\u0438\u0446\u0430 \u0414\u0436\u0430\u0432\u0430\u0434\u0445\u0430\u043d\u0430, 21; \u0443\u043b. \u0428\u0438\u0445\u0430\u043b\u0438\u0435\u0432\u0430, 13<\/td>        <\/tr>\n            <tr data-row_id=\"11\" class=\"ninja_table_row_8 nt_row_id_11\">\n            <td>9<\/td><td>\u0428\u0430\u0445\u0432\u0435\u0440\u0434\u0438\u0435\u0432 \u041e\u043a\u0442\u0430\u0439<\/td><td>AQF \u0442\u0440\u0435\u043d\u0430\u0436\u0435\u0440\u043d\u044b\u0439 \u0437\u0430\u043b 95<\/td><td>\u0443\u043b. \u0421\u0430\u0444\u0430\u044f\u0442\u0430 \u041c\u0435\u0445\u0442\u0438\u0435\u0432\u0430 95<\/td>        <\/tr>\n            <tr data-row_id=\"12\" class=\"ninja_table_row_9 nt_row_id_12\">\n            <td>10<\/td><td>\u0410\u0431\u0434\u0443\u043b\u043b\u0430\u0435\u0432\u0430 \u041d\u0430\u0434\u0435\u0436\u0434\u0430<\/td><td>\u041f\u043e\u043b\u043d\u043e\u0446\u0435\u043d\u043d\u044b\u0439 \u0441\u043f\u043e\u0440\u0442\u0437\u0430\u043b \u0441\u0440\u0435\u0434\u043d\u0435\u0439 \u0448\u043a\u043e\u043b\u044b \u2116 83<\/td><td>8-ci mikrorayon \u0130. Dada\u015fov k\u00fc\u00e7. 91<\/td>        <\/tr>\n            <tr data-row_id=\"13\" class=\"ninja_table_row_10 nt_row_id_13\">\n            <td>11<\/td><td>\u041c\u0435\u0445\u0440\u0438\u0431\u0430\u043d \u0414\u0436\u0430\u0444\u0430\u0440\u043e\u0432\u0430<\/td><td>\u041f\u043e\u043b\u043d\u043e\u0446\u0435\u043d\u043d\u044b\u0439 \u0441\u043f\u043e\u0440\u0442\u0437\u0430\u043b \u0441\u0440\u0435\u0434\u043d\u0435\u0439 \u0448\u043a\u043e\u043b\u044b \u2116 7<\/td><td>\u00dc. Hac\u0131b\u0259yov k\u00fc\u00e7\u0259si 28<\/td>        <\/tr>\n            <tr data-row_id=\"14\" class=\"ninja_table_row_11 nt_row_id_14\">\n            <td>12<\/td><td>\u0413\u0443\u0441\u0435\u0439\u043d\u043e\u0432 \u041f\u0430\u0448\u0430<\/td><td>\u0433\u0438\u043c\u043d\u0430\u0437\u0438\u044f \u0441\u0440\u0435\u0434\u043d\u0435\u0439 \u0448\u043a\u043e\u043b\u044b (\u0433\u0438\u043c\u043d\u0430\u0437\u0438\u0447\u0435\u0441\u043a\u043e\u0433\u043e \u043a\u043e\u043c\u043f\u043b\u0435\u043a\u0441\u0430) \u2116 200; \u0410\u0414\u0411\u0422\u0418\u0410<\/td><td>F\u0259t\u0259li Xan Xoyski prospekti, 71; F\u0259t\u0259li Xan Xoyski prospekti,98<\/td>        <\/tr>\n            <tr data-row_id=\"15\" class=\"ninja_table_row_12 nt_row_id_15\">\n            <td>13<\/td><td>\u0425\u0443\u0434\u0438\u0435\u0432 \u042d\u043b\u044c\u0447\u0438\u043d<\/td><td>276 \u0447\u0435\u043b\u043e\u0432\u0435\u043a \u0432 \u043f\u043e\u043b\u043d\u043e\u0446\u0435\u043d\u043d\u043e\u043c \u0441\u043f\u043e\u0440\u0442\u0437\u0430\u043b\u0435 \u0441\u0440\u0435\u0434\u043d\u0435\u0439 \u0448\u043a\u043e\u043b\u044b.<\/td><td>Nax\u00e7\u0131vani k\u00fc\u00e7. 38<\/td>        <\/tr>\n            <tr data-row_id=\"16\" class=\"ninja_table_row_13 nt_row_id_16\">\n            <td>14<\/td><td>\u0414\u0436\u0430\u0444\u0430\u0440\u043e\u0432 \u0420\u0443\u0441\u043b\u0430\u043d<\/td><td>300 \u0447\u0435\u043b\u043e\u0432\u0435\u043a \u0432 \u043f\u043e\u043b\u043d\u043e\u0446\u0435\u043d\u043d\u043e\u043c \u0441\u043f\u043e\u0440\u0442\u0437\u0430\u043b\u0435 \u0441\u0440\u0435\u0434\u043d\u0435\u0439 \u0448\u043a\u043e\u043b\u044b<\/td><td>Bil\u0259c\u0259ri q\u0259s\u0259b\u0259si, Y. H\u00fcseynov k\u00fc\u00e7., 7-ci d\u00f6ng\u0259<\/td>        <\/tr>\n            <tr data-row_id=\"17\" class=\"ninja_table_row_14 nt_row_id_17\">\n            <td>15<\/td><td>\u0421\u0430\u043c\u0438\u0440\u0430 \u0413\u0443\u0441\u0435\u0439\u043d\u043e\u0432\u0430<\/td><td>AQF \u0442\u0440\u0435\u043d\u0430\u0436\u0435\u0440\u043d\u044b\u0439 \u0437\u0430\u043b<\/td><td>\u0443\u043b. \u0421\u0430\u0444\u0430\u044f\u0442\u0430 \u041c\u0435\u0445\u0442\u0438\u0435\u0432\u0430 95<\/td>        <\/tr>\n            <tr data-row_id=\"18\" class=\"ninja_table_row_15 nt_row_id_18\">\n            <td>16<\/td><td>\u0421\u0430\u044f\u043b\u0430 \u0411\u0430\u0439\u0440\u0430\u043c\u043e\u0432\u0430<\/td><td>189\/190 \u0432 \u043f\u043e\u043b\u043d\u043e\u0439 \u0433\u0438\u043c\u043d\u0430\u0437\u0438\u0438 \u0441\u0440\u0435\u0434\u043d\u0435\u0439 \u0448\u043a\u043e\u043b\u044b.<\/td><td>N. R\u0259fib\u0259yli k\u00fc\u00e7.i 8<\/td>        <\/tr>\n            <tr data-row_id=\"19\" class=\"ninja_table_row_16 nt_row_id_19\">\n            <td>17<\/td><td>\u0414\u0436\u0430\u0444\u0430\u0440\u043e\u0432 \u042d\u0442\u0438\u0431\u0430\u0440<\/td><td>\u0414\u0432\u043e\u0440\u0435\u0446 \u0441\u043f\u043e\u0440\u0442\u0430 \u0422\u0435\u0445\u043d\u0438\u0447\u0435\u0441\u043a\u043e\u0433\u043e \u0443\u043d\u0438\u0432\u0435\u0440\u0441\u0438\u0442\u0435\u0442\u0430<\/td><td>\u0443\u043b\u0438\u0446\u0430 \u0410\u0439\u043d\u0430 \u0421\u0443\u043b\u0442\u0430\u043d\u043e\u0432\u0430, 13<\/td>        <\/tr>\n            <tr data-row_id=\"20\" class=\"ninja_table_row_17 nt_row_id_20\">\n            <td>18<\/td><td>\u041c\u0430\u0433\u0435\u0440\u0440\u0430\u043c\u043e\u0432 \u041d\u0430\u0434\u0436\u0430\u0444<\/td><td>Texniki Universitet\u0131 \u0130dman Saray\u0131<\/td><td>\u0443\u043b\u0438\u0446\u0430 \u0410\u0439\u043d\u0430 \u0421\u0443\u043b\u0442\u0430\u043d\u043e\u0432\u0430, 13<\/td>        <\/tr>\n            <tr data-row_id=\"21\" class=\"ninja_table_row_18 nt_row_id_21\">\n            <td>19<\/td><td>\u041c\u0430\u043c\u0435\u0434\u043e\u0432 \u0420\u043e\u0432\u0448\u0430\u043d<\/td><td>\u0410\u041e \u00ab\u041d\u0435\u0444\u0442\u0447\u0438\u00bb<\/td><td>Suraxan\u0131 q\u0259s\u0259b\u0259si<\/td>        <\/tr>\n            <tr data-row_id=\"22\" class=\"ninja_table_row_19 nt_row_id_22\">\n            <td>20<\/td><td>\u0422\u0430\u0433\u0438\u0435\u0432 \u0410\u0437\u0435\u0440<\/td><td>\u0410\u041e \u00ab\u041d\u0435\u0444\u0442\u0447\u0438\u00bb<\/td><td>Suraxan\u0131 q\u0259s\u0259b\u0259si<\/td>        <\/tr>\n            <tr data-row_id=\"23\" class=\"ninja_table_row_20 nt_row_id_23\">\n            <td>21<\/td><td>\u041d\u0430\u0441\u0438\u0431\u043e\u0432 \u0412\u0430\u043a\u0438\u043b<\/td><td>\u0413\u0438\u043c\u043d\u0430\u0437\u0438\u044f \u0421\u0443\u043c\u0433\u0430\u0438\u0442\u0441\u043a\u043e\u0433\u043e \u0433\u043e\u0441\u0443\u0434\u0430\u0440\u0441\u0442\u0432\u0435\u043d\u043d\u043e\u0433\u043e \u0443\u043d\u0438\u0432\u0435\u0440\u0441\u0438\u0442\u0435\u0442\u0430<\/td><td>Sumqay\u0131t \u015f\u0259h\u0259ri<\/td>        <\/tr>\n            <tr data-row_id=\"24\" class=\"ninja_table_row_21 nt_row_id_24\">\n            <td>22<\/td><td>\u0413\u0430\u0441\u0430\u043d\u043e\u0432 \u0410\u0431\u0434\u0443\u043b\u043b\u0430<\/td><td>\u0413\u0438\u043c\u043d\u0430\u0437\u0438\u044f \u0421\u0443\u043c\u0433\u0430\u0438\u0442\u0441\u043a\u043e\u0433\u043e \u0433\u043e\u0441\u0443\u0434\u0430\u0440\u0441\u0442\u0432\u0435\u043d\u043d\u043e\u0433\u043e \u0443\u043d\u0438\u0432\u0435\u0440\u0441\u0438\u0442\u0435\u0442\u0430<\/td><td>Sumqay\u0131t \u015f\u0259h\u0259ri<\/td>        <\/tr>\n            <tr data-row_id=\"25\" class=\"ninja_table_row_22 nt_row_id_25\">\n            <td>23<\/td><td>\u042e\u043b\u0438\u044f \u0411\u0430\u0439\u0440\u0430\u043c\u043e\u0432\u0430<\/td><td>AQF \u0442\u0440\u0435\u043d\u0430\u0436\u0435\u0440\u043d\u044b\u0439 \u0437\u0430\u043b<\/td><td>\u015e.Mehdiyev k\u00fc\u00e7.95<\/td>        <\/tr>\n            <tr data-row_id=\"26\" class=\"ninja_table_row_23 nt_row_id_26\">\n            <td>24<\/td><td>\u041a\u0430\u0437\u0438\u043c\u043e\u0432\u0430 \u041e\u043b\u044c\u0433\u0430<\/td><td>\u041f\u043e\u043b\u043d\u043e\u0446\u0435\u043d\u043d\u044b\u0439 \u0441\u043f\u043e\u0440\u0442\u0438\u0432\u043d\u044b\u0439 \u0437\u0430\u043b \u0441\u0440\u0435\u0434\u043d\u0435\u0439 \u0448\u043a\u043e\u043b\u044b \u2116 300<\/td><td>Bil\u0259c\u0259ri q\u0259s\u0259b\u0259si, Natavan k\u00fc\u00e7.1<\/td>        <\/tr>\n            <tr data-row_id=\"27\" class=\"ninja_table_row_24 nt_row_id_27\">\n            <td>25<\/td><td>\u0420\u0437\u0430\u0437\u0430\u0434\u0435 \u042d\u043b\u0432\u0438\u043d<\/td><td>\u0410\u0414\u0411\u0422\u0418\u0410<\/td><td>F\u0259t\u0259li Xan Xoyski prospekti,98<\/td>        <\/tr>\n    <\/tbody><!--ninja_tobody_rendering_done-->\n    <\/table>\n    \n    \n    \n<\/div>\n\n\t\t<\/div>\n\t<\/div>\n<\/div><\/div><\/div><\/div>\n<\/section>","protected":false},"excerpt":{"rendered":"\u2116M\u0259\u015fq\u00e7il\u0259rM\u0259\u015fq ke\u00e7irildiyi yer\u00dcnvan 1Quliyev SudefTexniki Universitet\u0131n \u0130dman Saray\u0131Ayna Sultanova k\u00fc\u00e7.,13 2Hakimov Tahir Texniki Universitet\u0131n \u0130dman Saray\u0131Ayna Sultanova k\u00fc\u00e7.,13 3\u015eturbabin VadimTexniki Universitet\u0131n \u0130dman Saray\u0131Ayna Sultanova k\u00fc\u00e7.,13 4\u018fhm\u0259dov ElxanTexniki Universitet\u0131n \u0130dman Saray\u0131Ayna Sultanova k\u00fc\u00e7.,13 5S\u0259f\u0259rov CahangirTexniki Universitet\u0131n \u0130dman Saray\u0131Ayna Sultanova k\u00fc\u00e7.,13 6R\u0259himov \u0130slam 83 \u2116-li tam orta m\u0259kt\u0259bi idman zal\u01318-ci mikrorayon \u0130. Dada\u015fov k\u00fc\u00e7.91 7Burc\u0259liyev Burc\u0259liAQF idman [...]","protected":false},"author":1,"featured_media":0,"parent":0,"menu_order":0,"comment_status":"closed","ping_status":"closed","template":"","meta":{"footnotes":""},"class_list":["post-3865","page","type-page","status-publish","hentry"],"lang":"ru","translations":{"en":3863,"az":2022,"ru":3865},"_links":{"self":[{"href":"https:\/\/fencing.az\/ru\/wp-json\/wp\/v2\/pages\/3865","targetHints":{"allow":["GET"]}}],"collection":[{"href":"https:\/\/fencing.az\/ru\/wp-json\/wp\/v2\/pages"}],"about":[{"href":"https:\/\/fencing.az\/ru\/wp-json\/wp\/v2\/types\/page"}],"author":[{"embeddable":true,"href":"https:\/\/fencing.az\/ru\/wp-json\/wp\/v2\/users\/1"}],"replies":[{"embeddable":true,"href":"https:\/\/fencing.az\/ru\/wp-json\/wp\/v2\/comments?post=3865"}],"version-history":[{"count":1,"href":"https:\/\/fencing.az\/ru\/wp-json\/wp\/v2\/pages\/3865\/revisions"}],"predecessor-version":[{"id":3866,"href":"https:\/\/fencing.az\/ru\/wp-json\/wp\/v2\/pages\/3865\/revisions\/3866"}],"wp:attachment":[{"href":"https:\/\/fencing.az\/ru\/wp-json\/wp\/v2\/media?parent=3865"}],"curies":[{"name":"wp","href":"https:\/\/api.w.org\/{rel}","templated":true}]}}